{"id":72,"date":"2026-02-01T00:50:45","date_gmt":"2026-01-31T23:50:45","guid":{"rendered":"https:\/\/servicechantier.fr\/?page_id=72"},"modified":"2026-02-01T00:50:45","modified_gmt":"2026-01-31T23:50:45","slug":"mentions-legales","status":"publish","type":"page","link":"https:\/\/servicechantier.fr\/index.php\/mentions-legales\/","title":{"rendered":"Mentions Legales"},"content":{"rendered":"\n\n\t<h2>Mentions l\u00e9gales<\/h2>\n<p><strong>\u00c9diteur du site<\/strong><\/p>\n\nPoint Service Chantier &#8211; NEUCE &#038; Habitat<br \/>\nRaison sociale : Armandou Sasu (ou entit\u00e9 exploitante locale)<br \/>\nAdresse : 1029 route de montamel 46310 Uzech<br \/>\nT\u00e9l\u00e9phone : 0672770566<br \/>\nEmail : contact@armandou.fr\n\n<p><strong>Directeur de la publication<\/strong><\/p>\n\nLe responsable de l&rsquo;entit\u00e9 Point Service Chantier.\n\n<p><strong>H\u00e9bergement<\/strong><\/p>\n\nLe site <strong>servicechantier.fr<\/strong> est h\u00e9berg\u00e9 par :<br \/>\n<strong>OVH<\/strong><br \/>\n2 rue Kellermann &#8211; 59100 Roubaix &#8211; France<br \/>\n<a href=\"https:\/\/www.ovhcloud.com\" target=\"_blank\" rel=\"noopener\">www.ovhcloud.com<\/a>\n\n<p><strong>Propri\u00e9t\u00e9 intellectuelle<\/strong><\/p>\n\nL&rsquo;ensemble du contenu pr\u00e9sent sur ce site (textes, images, logos, \u00e9l\u00e9ments graphiques, documents) est prot\u00e9g\u00e9 par le droit d&rsquo;auteur.\nToute reproduction, repr\u00e9sentation, modification ou adaptation, totale ou partielle, sans autorisation \u00e9crite pr\u00e9alable est strictement interdite.\n\n<p><strong>Responsabilit\u00e9<\/strong><\/p>\n\nLes informations fournies sur ce site sont donn\u00e9es \u00e0 titre indicatif.\nPoint Service Chantier &#8211; NEUCE &#038; Habitat ne saurait \u00eatre tenu responsable des erreurs, omissions ou d&rsquo;une mauvaise utilisation des informations diffus\u00e9es.\n\n\n","protected":false},"excerpt":{"rendered":"<p>Mentions l\u00e9gales \u00c9diteur du site Point Service Chantier &#8211; NEUCE &#038; Habitat Raison sociale : Armandou Sasu (ou entit\u00e9 exploitante [&hellip;]<\/p>\n","protected":false},"author":1,"featured_media":0,"parent":0,"menu_order":0,"comment_status":"closed","ping_status":"closed","template":"","meta":{"site-sidebar-layout":"default","site-content-layout":"","ast-site-content-layout":"default","site-content-style":"default","site-sidebar-style":"default","ast-global-header-display":"","ast-banner-title-visibility":"","ast-main-header-display":"","ast-hfb-above-header-display":"","ast-hfb-below-header-display":"","ast-hfb-mobile-header-display":"","site-post-title":"","ast-breadcrumbs-content":"","ast-featured-img":"","footer-sml-layout":"","ast-disable-related-posts":"","theme-transparent-header-meta":"","adv-header-id-meta":"","stick-header-meta":"","header-above-stick-meta":"","header-main-stick-meta":"","header-below-stick-meta":"","astra-migrate-meta-layouts":"default","ast-page-background-enabled":"default","ast-page-background-meta":{"desktop":{"background-color":"var(--ast-global-color-5)","background-image":"","background-repeat":"repeat","background-position":"center center","background-size":"auto","background-attachment":"scroll","background-type":"","background-media":"","overlay-type":"","overlay-color":"","overlay-opacity":"","overlay-gradient":""},"tablet":{"background-color":"","background-image":"","background-repeat":"repeat","background-position":"center center","background-size":"auto","background-attachment":"scroll","background-type":"","background-media":"","overlay-type":"","overlay-color":"","overlay-opacity":"","overlay-gradient":""},"mobile":{"background-color":"","background-image":"","background-repeat":"repeat","background-position":"center center","background-size":"auto","background-attachment":"scroll","background-type":"","background-media":"","overlay-type":"","overlay-color":"","overlay-opacity":"","overlay-gradient":""}},"ast-content-background-meta":{"desktop":{"background-color":"var(--ast-global-color-4)","background-image":"","background-repeat":"repeat","background-position":"center center","background-size":"auto","background-attachment":"scroll","background-type":"","background-media":"","overlay-type":"","overlay-color":"","overlay-opacity":"","overlay-gradient":""},"tablet":{"background-color":"var(--ast-global-color-4)","background-image":"","background-repeat":"repeat","background-position":"center center","background-size":"auto","background-attachment":"scroll","background-type":"","background-media":"","overlay-type":"","overlay-color":"","overlay-opacity":"","overlay-gradient":""},"mobile":{"background-color":"var(--ast-global-color-4)","background-image":"","background-repeat":"repeat","background-position":"center center","background-size":"auto","background-attachment":"scroll","background-type":"","background-media":"","overlay-type":"","overlay-color":"","overlay-opacity":"","overlay-gradient":""}},"footnotes":""},"class_list":["post-72","page","type-page","status-publish","hentry"],"_links":{"self":[{"href":"https:\/\/servicechantier.fr\/index.php\/wp-json\/wp\/v2\/pages\/72","targetHints":{"allow":["GET"]}}],"collection":[{"href":"https:\/\/servicechantier.fr\/index.php\/wp-json\/wp\/v2\/pages"}],"about":[{"href":"https:\/\/servicechantier.fr\/index.php\/wp-json\/wp\/v2\/types\/page"}],"author":[{"embeddable":true,"href":"https:\/\/servicechantier.fr\/index.php\/wp-json\/wp\/v2\/users\/1"}],"replies":[{"embeddable":true,"href":"https:\/\/servicechantier.fr\/index.php\/wp-json\/wp\/v2\/comments?post=72"}],"version-history":[{"count":2,"href":"https:\/\/servicechantier.fr\/index.php\/wp-json\/wp\/v2\/pages\/72\/revisions"}],"predecessor-version":[{"id":75,"href":"https:\/\/servicechantier.fr\/index.php\/wp-json\/wp\/v2\/pages\/72\/revisions\/75"}],"wp:attachment":[{"href":"https:\/\/servicechantier.fr\/index.php\/wp-json\/wp\/v2\/media?parent=72"}],"curies":[{"name":"wp","href":"https:\/\/api.w.org\/{rel}","templated":true}]}}