{"id":37,"date":"2026-02-01T00:47:38","date_gmt":"2026-01-31T23:47:38","guid":{"rendered":"https:\/\/servicechantier.fr\/?page_id=37"},"modified":"2026-02-01T00:51:46","modified_gmt":"2026-01-31T23:51:46","slug":"politique-de-confidentialite-rgpd","status":"publish","type":"page","link":"https:\/\/servicechantier.fr\/index.php\/politique-de-confidentialite-rgpd\/","title":{"rendered":"politique de confidentialit\u00e9 &#8211; RGPD"},"content":{"rendered":"\n\n\t<h2>Politique de confidentialit\u00e9 &#038; RGPD<\/h2>\n\nPoint Service Chantier &#8211; NEUCE &#038; Habitat attache une importance particuli\u00e8re \u00e0 la protection de vos donn\u00e9es personnelles.\n\n<h3>Donn\u00e9es collect\u00e9es<\/h3>\n\nLes donn\u00e9es susceptibles d&rsquo;\u00eatre collect\u00e9es via ce site sont :\n\n<ul>\n  <li>Nom et pr\u00e9nom<\/li>\n  <li>Adresse email<\/li>\n  <li>Num\u00e9ro de t\u00e9l\u00e9phone<\/li>\n  <li>Message transmis via le formulaire de contact<\/li>\n<\/ul>\n\nCes donn\u00e9es sont strictement n\u00e9cessaires pour r\u00e9pondre \u00e0 vos demandes.\n\n<h3>Utilisation des donn\u00e9es<\/h3>\n\nLes donn\u00e9es collect\u00e9es sont utilis\u00e9es uniquement dans le cadre :\n\n<ul>\n  <li>Du traitement des demandes de contact<\/li>\n  <li>De la relation commerciale<\/li>\n  <li>Du suivi client<\/li>\n<\/ul>\n\nAucune donn\u00e9e n&rsquo;est c\u00e9d\u00e9e ou vendue \u00e0 des tiers.\n\n<h3>Dur\u00e9e de conservation<\/h3>\n\nLes donn\u00e9es sont conserv\u00e9es pour une dur\u00e9e maximale de 3 ans apr\u00e8s le dernier contact.\n\n<h3>Droits des utilisateurs<\/h3>\n\nConform\u00e9ment au R\u00e8glement G\u00e9n\u00e9ral sur la Protection des Donn\u00e9es (RGPD), vous disposez des droits suivants :\n\n<ul>\n  <li>Droit d&rsquo;acc\u00e8s<\/li>\n  <li>Droit de rectification<\/li>\n  <li>Droit \u00e0 l&rsquo;effacement<\/li>\n  <li>Droit \u00e0 la limitation du traitement<\/li>\n<\/ul>\n\nPour exercer ces droits, vous pouvez adresser votre demande par email \u00e0 : <strong> contact@armandou.fr<\/strong>\n\n<h3>Cookies<\/h3>\n\nLe site servicechantier.fr peut utiliser des cookies \u00e0 des fins de fonctionnement et de mesure d&rsquo;audience.\nVous pouvez \u00e0 tout moment configurer votre navigateur pour refuser les cookies.\n\n\n","protected":false},"excerpt":{"rendered":"<p>Politique de confidentialit\u00e9 &#038; RGPD Point Service Chantier &#8211; NEUCE &#038; Habitat attache une importance particuli\u00e8re \u00e0 la protection de [&hellip;]<\/p>\n","protected":false},"author":1,"featured_media":0,"parent":0,"menu_order":0,"comment_status":"closed","ping_status":"closed","template":"","meta":{"site-sidebar-layout":"default","site-content-layout":"","ast-site-content-layout":"default","site-content-style":"default","site-sidebar-style":"default","ast-global-header-display":"","ast-banner-title-visibility":"","ast-main-header-display":"","ast-hfb-above-header-display":"","ast-hfb-below-header-display":"","ast-hfb-mobile-header-display":"","site-post-title":"","ast-breadcrumbs-content":"","ast-featured-img":"","footer-sml-layout":"","ast-disable-related-posts":"","theme-transparent-header-meta":"","adv-header-id-meta":"","stick-header-meta":"","header-above-stick-meta":"","header-main-stick-meta":"","header-below-stick-meta":"","astra-migrate-meta-layouts":"default","ast-page-background-enabled":"default","ast-page-background-meta":{"desktop":{"background-color":"var(--ast-global-color-5)","background-image":"","background-repeat":"repeat","background-position":"center center","background-size":"auto","background-attachment":"scroll","background-type":"","background-media":"","overlay-type":"","overlay-color":"","overlay-opacity":"","overlay-gradient":""},"tablet":{"background-color":"","background-image":"","background-repeat":"repeat","background-position":"center center","background-size":"auto","background-attachment":"scroll","background-type":"","background-media":"","overlay-type":"","overlay-color":"","overlay-opacity":"","overlay-gradient":""},"mobile":{"background-color":"","background-image":"","background-repeat":"repeat","background-position":"center center","background-size":"auto","background-attachment":"scroll","background-type":"","background-media":"","overlay-type":"","overlay-color":"","overlay-opacity":"","overlay-gradient":""}},"ast-content-background-meta":{"desktop":{"background-color":"var(--ast-global-color-4)","background-image":"","background-repeat":"repeat","background-position":"center center","background-size":"auto","background-attachment":"scroll","background-type":"","background-media":"","overlay-type":"","overlay-color":"","overlay-opacity":"","overlay-gradient":""},"tablet":{"background-color":"var(--ast-global-color-4)","background-image":"","background-repeat":"repeat","background-position":"center center","background-size":"auto","background-attachment":"scroll","background-type":"","background-media":"","overlay-type":"","overlay-color":"","overlay-opacity":"","overlay-gradient":""},"mobile":{"background-color":"var(--ast-global-color-4)","background-image":"","background-repeat":"repeat","background-position":"center center","background-size":"auto","background-attachment":"scroll","background-type":"","background-media":"","overlay-type":"","overlay-color":"","overlay-opacity":"","overlay-gradient":""}},"footnotes":""},"class_list":["post-37","page","type-page","status-publish","hentry"],"_links":{"self":[{"href":"https:\/\/servicechantier.fr\/index.php\/wp-json\/wp\/v2\/pages\/37","targetHints":{"allow":["GET"]}}],"collection":[{"href":"https:\/\/servicechantier.fr\/index.php\/wp-json\/wp\/v2\/pages"}],"about":[{"href":"https:\/\/servicechantier.fr\/index.php\/wp-json\/wp\/v2\/types\/page"}],"author":[{"embeddable":true,"href":"https:\/\/servicechantier.fr\/index.php\/wp-json\/wp\/v2\/users\/1"}],"replies":[{"embeddable":true,"href":"https:\/\/servicechantier.fr\/index.php\/wp-json\/wp\/v2\/comments?post=37"}],"version-history":[{"count":4,"href":"https:\/\/servicechantier.fr\/index.php\/wp-json\/wp\/v2\/pages\/37\/revisions"}],"predecessor-version":[{"id":76,"href":"https:\/\/servicechantier.fr\/index.php\/wp-json\/wp\/v2\/pages\/37\/revisions\/76"}],"wp:attachment":[{"href":"https:\/\/servicechantier.fr\/index.php\/wp-json\/wp\/v2\/media?parent=37"}],"curies":[{"name":"wp","href":"https:\/\/api.w.org\/{rel}","templated":true}]}}